{"id":8,"date":"2021-10-19T17:03:52","date_gmt":"2021-10-19T17:03:52","guid":{"rendered":"https:\/\/listinghive.hivepress.io\/?page_id=8"},"modified":"2026-01-03T12:58:30","modified_gmt":"2026-01-03T12:58:30","slug":"home","status":"publish","type":"page","link":"https:\/\/xn--okazjanieruchomoci-mod.pl\/en\/","title":{"rendered":"Homepage"},"content":{"rendered":"<h1 class=\"wp-block-heading has-text-align-center\">Find your place in the world.<\/h1>\n\n\n\n<p class=\"has-text-align-center has-medium-font-size\"><\/p>\n\n\n\n<!--more-->\n<!--noteaser-->\n\n\n <form class=\"hp-form--wide hp-form--primary hp-block hp-form hp-form--listing-search\" action=\"https:\/\/xn--okazjanieruchomoci-mod.pl\/en\/\" method=\"GET\" data-component=\"form\" data-trp-original-action=\"https:\/\/xn--okazjanieruchomoci-mod.pl\/en\"><div class=\"hp-form__messages\" data-component=\"messages\"><\/div><div class=\"hp-form__fields\"><input type=\"hidden\" name=\"post_type\" value=\"hp_listing\" class=\"hp-field hp-field--hidden\"><input type=\"hidden\" name=\"latitude\" value=\"\" data-coordinate=\"lat\" class=\"hp-field hp-field--hidden\"><input type=\"hidden\" name=\"longitude\" value=\"\" data-coordinate=\"lng\" class=\"hp-field hp-field--hidden\"><select name=\"_category\" class=\"hp-field hp-field--hidden\"><option value=\"\">All Categories<\/option><option value=\"36\">Houses<\/option><option value=\"37\">Plots<\/option><option value=\"35\">Business premises<\/option><option value=\"38\">Flats<\/option><option value=\"174\">Real Estate Rental<\/option><\/select><div class=\"hp-form__field hp-form__field--search\"><input type=\"search\" name=\"s\" value=\"\" placeholder=\"Keywords\" maxlength=\"256\" class=\"hp-field hp-field--search\"><\/div><div class=\"hp-form__field hp-form__field--location\"><div data-format=\"\" data-countries=\"[]\" data-region-types=\"[&quot;locality&quot;,&quot;administrative_area_level_2&quot;,&quot;administrative_area_level_1&quot;,&quot;country&quot;]\" data-component=\"location\" class=\"hp-field hp-field--location\"><input type=\"text\" name=\"location\" value=\"\" autocomplete=\"off\" placeholder=\"Location\" maxlength=\"256\" class=\"hp-field hp-field--text\"><a href=\"#\" title=\"Locate Me\"><i class=\"hp-icon fas fa-location-arrow\"><\/i><\/a><\/div><\/div><\/div><div class=\"hp-form__footer\"><button type=\"submit\" class=\"hp-form__button button-primary alt button hp-field hp-field--submit\"><span>Search<\/span><\/button><\/div><input type=\"hidden\" name=\"trp-form-language\" value=\"en\"\/><\/form>\n\n\n<h2 class=\"wp-block-heading has-text-align-center content-title\">Recent announcements<\/h2>\n\n\n <div class=\"hp-listings hp-block hp-grid\"><div class=\"hp-row\"><div class=\"hp-grid__item hp-col-sm-4 hp-col-xs-12\"><article class=\"hp-listing hp-listing--view-block hp-listing--verified\"><header class=\"hp-listing__header\"><div class=\"hp-listing__image\" data-component=\"carousel-slider\" data-preview=\"false\" data-aspect-ratio=\"\" data-url=\"https:\/\/xn--okazjanieruchomoci-mod.pl\/en\/listing\/gorska-dzialka-widokowa-w-sercu-beskidu-malego\/\">\n\t\t\t<a href=\"https:\/\/xn--okazjanieruchomoci-mod.pl\/en\/listing\/gorska-dzialka-widokowa-w-sercu-beskidu-malego\/\">\n\t\t\t\t\t\t\t<img decoding=\"async\" src=\"https:\/\/xn--okazjanieruchomoci-mod.pl\/wp-content\/uploads\/2026\/01\/obraz-11-3-400x300.png\" alt=\"WIDOKOWA DZIA\u0141KA W BESKIDZIE MA\u0141YM | ZAG\u00d3RNIK | 2777 m\u00b2\" loading=\"lazy\">\n\t\t\t\t\t<\/a>\n\t<\/div>\n<\/header><div class=\"hp-listing__content\">\t<div class=\"hp-listing__categories hp-listing__category\">\n\t\t\t\t\t<a href=\"https:\/\/xn--okazjanieruchomoci-mod.pl\/en\/listing-category\/dzialki\/\">Plots<\/a>\n\t\t\t<\/div>\n\t<h4 class=\"hp-listing__title\"><a href=\"https:\/\/xn--okazjanieruchomoci-mod.pl\/en\/listing\/gorska-dzialka-widokowa-w-sercu-beskidu-malego\/\">VIEW PLOT IN BESKID MA\u0141Y | ZAG\u00d3RNIK | 2777 m\u00b2<\/a>\n\t<i class=\"hp-listing__verified-badge hp-listing__verified hp-icon fas fa-check-circle\" title=\"Verified\"><\/i>\n\t<\/h4><div class=\"hp-listing__details hp-listing__details--primary\">\t<div class=\"hp-listing__location\">\n\t\t<i class=\"hp-icon fas fa-map-marker-alt\"><\/i>\n\t\t\t\t\t<a href=\"https:\/\/www.google.com\/maps\/search\/?api=1&#038;query=49.826419,19.397467\" target=\"_blank\">My\u015bliwska, Zag\u00f3rnik<\/a>\n\t\t\t<\/div>\n\t<time class=\"hp-listing__created-date hp-listing__date hp-meta\" datetime=\"2026-03-26 21:44:16\">\n\tAdded on 26 March 2026<\/time>\n<\/div><\/div><footer class=\"hp-listing__footer\"><div class=\"hp-block hp-listing__attributes hp-listing__attributes--primary\"><div class=\"hp-listing__attribute hp-listing__attribute--cena\"><i class=\"fa-regular fa-money-bill-1\"><\/i> PLN 599,000.00<\/div><\/div><div class=\"hp-listing__actions hp-listing__actions--primary\"><\/div><\/footer><\/article><\/div><div class=\"hp-grid__item hp-col-sm-4 hp-col-xs-12\"><article class=\"hp-listing hp-listing--view-block hp-listing--verified\"><header class=\"hp-listing__header\"><div class=\"hp-listing__image\" data-component=\"carousel-slider\" data-preview=\"false\" data-aspect-ratio=\"\" data-url=\"https:\/\/xn--okazjanieruchomoci-mod.pl\/en\/listing\/mieszkanie-z-funkcja-wynajmu-ul-dabrowskiego\/\">\n\t\t\t<a href=\"https:\/\/xn--okazjanieruchomoci-mod.pl\/en\/listing\/mieszkanie-z-funkcja-wynajmu-ul-dabrowskiego\/\">\n\t\t\t\t\t\t\t<img decoding=\"async\" src=\"https:\/\/xn--okazjanieruchomoci-mod.pl\/wp-content\/uploads\/2026\/03\/556d2729-bcdd-48d0-8ad9-c63b4a31df69-3-400x300.jpg\" alt=\"Mieszkanie z funkcj\u0105 wynajmu ul. D\u0105browskiego (Nowa Cena)\" loading=\"lazy\">\n\t\t\t\t\t<\/a>\n\t<\/div>\n<\/header><div class=\"hp-listing__content\">\t<div class=\"hp-listing__categories hp-listing__category\">\n\t\t\t\t\t<a href=\"https:\/\/xn--okazjanieruchomoci-mod.pl\/en\/listing-category\/mieszkania\/\">Flats<\/a>\n\t\t\t<\/div>\n\t<h4 class=\"hp-listing__title\"><a href=\"https:\/\/xn--okazjanieruchomoci-mod.pl\/en\/listing\/mieszkanie-z-funkcja-wynajmu-ul-dabrowskiego\/\">Flat with rental function, D\u0105browskiego Street (New Price)<\/a>\n\t<i class=\"hp-listing__verified-badge hp-listing__verified hp-icon fas fa-check-circle\" title=\"Verified\"><\/i>\n\t<\/h4><div class=\"hp-listing__details hp-listing__details--primary\">\t<div class=\"hp-listing__location\">\n\t\t<i class=\"hp-icon fas fa-map-marker-alt\"><\/i>\n\t\t\t\t\t<a href=\"https:\/\/www.google.com\/maps\/search\/?api=1&#038;query=50.034843,19.210297\" target=\"_blank\">Auschwitz<\/a>\n\t\t\t<\/div>\n\t<time class=\"hp-listing__created-date hp-listing__date hp-meta\" datetime=\"2026-03-20 15:22:11\">\n\tAdded on 20 March 2026<\/time>\n<\/div><\/div><footer class=\"hp-listing__footer\"><div class=\"hp-block hp-listing__attributes hp-listing__attributes--primary\"><div class=\"hp-listing__attribute hp-listing__attribute--powierzchnia-ogolna\"><i class=\"fa-solid fa-chart-area\"><\/i> 66.90 m\u00b2<\/div><div class=\"hp-listing__attribute hp-listing__attribute--cena\"><i class=\"fa-regular fa-money-bill-1\"><\/i> \u00a3485,000.00<\/div><\/div><div class=\"hp-listing__actions hp-listing__actions--primary\"><\/div><\/footer><\/article><\/div><div class=\"hp-grid__item hp-col-sm-4 hp-col-xs-12\"><article class=\"hp-listing hp-listing--view-block hp-listing--verified\"><header class=\"hp-listing__header\"><div class=\"hp-listing__image\" data-component=\"carousel-slider\" data-preview=\"false\" data-aspect-ratio=\"\" data-url=\"https:\/\/xn--okazjanieruchomoci-mod.pl\/en\/listing\/samowystarczalny-dom-w-otoczeniu-lasu-przyborow-jasien-5\/\">\n\t\t\t<a href=\"https:\/\/xn--okazjanieruchomoci-mod.pl\/en\/listing\/samowystarczalny-dom-w-otoczeniu-lasu-przyborow-jasien-5\/\">\n\t\t\t\t\t\t\t<img decoding=\"async\" src=\"https:\/\/xn--okazjanieruchomoci-mod.pl\/wp-content\/uploads\/2026\/03\/IMG_5648-400x300.png\" alt=\"OKAZJA. NOWA CENA!!! SAMOWYSTARCZALNY DOM W OTOCZENIU LASU | PRZYBOR\u00d3W \/ JASIE\u0143 5\" loading=\"lazy\">\n\t\t\t\t\t<\/a>\n\t<\/div>\n<\/header><div class=\"hp-listing__content\">\t<div class=\"hp-listing__categories hp-listing__category\">\n\t\t\t\t\t<a href=\"https:\/\/xn--okazjanieruchomoci-mod.pl\/en\/listing-category\/domy\/\">Houses<\/a>\n\t\t\t<\/div>\n\t<h4 class=\"hp-listing__title\"><a href=\"https:\/\/xn--okazjanieruchomoci-mod.pl\/en\/listing\/samowystarczalny-dom-w-otoczeniu-lasu-przyborow-jasien-5\/\">BARGAIN. NEW PRICE!!! SELF-SUFFICIENT HOUSE SURROUNDED BY FOREST | PRZYBOR\u00d3W \/ JASIE\u0143 5<\/a>\n\t<i class=\"hp-listing__verified-badge hp-listing__verified hp-icon fas fa-check-circle\" title=\"Verified\"><\/i>\n\t<\/h4><div class=\"hp-listing__details hp-listing__details--primary\">\t<div class=\"hp-listing__location\">\n\t\t<i class=\"hp-icon fas fa-map-marker-alt\"><\/i>\n\t\t\t\t\t<a href=\"https:\/\/www.google.com\/maps\/search\/?api=1&#038;query=50.953615,20.229718\" target=\"_blank\">51.001073, 19.576700<\/a>\n\t\t\t<\/div>\n\t<time class=\"hp-listing__created-date hp-listing__date hp-meta\" datetime=\"2026-03-20 14:04:16\">\n\tAdded on 20 March 2026<\/time>\n<\/div><\/div><footer class=\"hp-listing__footer\"><div class=\"hp-block hp-listing__attributes hp-listing__attributes--primary\"><div class=\"hp-listing__attribute hp-listing__attribute--powierzchnia-ogolna\"><i class=\"fa-solid fa-chart-area\"><\/i> 120.00 m\u00b2<\/div><div class=\"hp-listing__attribute hp-listing__attribute--cena\"><i class=\"fa-regular fa-money-bill-1\"><\/i> 295,000.00 z\u0142<\/div><\/div><div class=\"hp-listing__actions hp-listing__actions--primary\"><\/div><\/footer><\/article><\/div><div class=\"hp-grid__item hp-col-sm-4 hp-col-xs-12\"><article class=\"hp-listing hp-listing--view-block hp-listing--verified\"><header class=\"hp-listing__header\"><div class=\"hp-listing__image\" data-component=\"carousel-slider\" data-preview=\"false\" data-aspect-ratio=\"\" data-url=\"https:\/\/xn--okazjanieruchomoci-mod.pl\/en\/listing\/dom-wilczkowice\/\">\n\t\t\t<a href=\"https:\/\/xn--okazjanieruchomoci-mod.pl\/en\/listing\/dom-wilczkowice\/\">\n\t\t\t\t\t\t\t<img decoding=\"async\" src=\"https:\/\/xn--okazjanieruchomoci-mod.pl\/wp-content\/uploads\/2026\/01\/gemini-2.5-flash-image_Add_a_clean_bold_red_diagonal_banner_across_the_image_from_the_top-left_corner_t-0-400x300.jpg\" alt=\"Dom Wilczkowice\" loading=\"lazy\">\n\t\t\t\t\t<\/a>\n\t<\/div>\n<\/header><div class=\"hp-listing__content\">\t<div class=\"hp-listing__categories hp-listing__category\">\n\t\t\t\t\t<a href=\"https:\/\/xn--okazjanieruchomoci-mod.pl\/en\/listing-category\/domy\/\">Houses<\/a>\n\t\t\t<\/div>\n\t<h4 class=\"hp-listing__title\"><a href=\"https:\/\/xn--okazjanieruchomoci-mod.pl\/en\/listing\/dom-wilczkowice\/\">House Wilczkowice<\/a>\n\t<i class=\"hp-listing__verified-badge hp-listing__verified hp-icon fas fa-check-circle\" title=\"Verified\"><\/i>\n\t<\/h4><div class=\"hp-listing__details hp-listing__details--primary\">\t<div class=\"hp-listing__location\">\n\t\t<i class=\"hp-icon fas fa-map-marker-alt\"><\/i>\n\t\t\t\t\t<a href=\"https:\/\/www.google.com\/maps\/search\/?api=1&#038;query=49.987597,19.192894\" target=\"_blank\">Wilczkowice<\/a>\n\t\t\t<\/div>\n\t<time class=\"hp-listing__created-date hp-listing__date hp-meta\" datetime=\"2026-02-03 11:16:24\">\n\tAdded on February 3, 2026<\/time>\n<\/div><\/div><footer class=\"hp-listing__footer\"><div class=\"hp-block hp-listing__attributes hp-listing__attributes--primary\"><div class=\"hp-listing__attribute hp-listing__attribute--powierzchnia-ogolna\"><i class=\"fa-solid fa-chart-area\"><\/i> 150.00 m\u00b2<\/div><div class=\"hp-listing__attribute hp-listing__attribute--cena\"><i class=\"fa-regular fa-money-bill-1\"><\/i> PLN 450,000.00<\/div><\/div><div class=\"hp-listing__actions hp-listing__actions--primary\"><\/div><\/footer><\/article><\/div><div class=\"hp-grid__item hp-col-sm-4 hp-col-xs-12\"><article class=\"hp-listing hp-listing--view-block hp-listing--verified\"><header class=\"hp-listing__header\"><div class=\"hp-listing__image\" data-component=\"carousel-slider\" data-preview=\"false\" data-aspect-ratio=\"\" data-url=\"https:\/\/xn--okazjanieruchomoci-mod.pl\/en\/listing\/886\/\">\n\t\t\t<a href=\"https:\/\/xn--okazjanieruchomoci-mod.pl\/en\/listing\/886\/\">\n\t\t\t\t\t\t\t<img decoding=\"async\" src=\"https:\/\/xn--okazjanieruchomoci-mod.pl\/wp-content\/uploads\/2026\/01\/ko1-400x300.jpg\" alt=\"Dzia\u0142ka budowlana Koco\u0144\" loading=\"lazy\">\n\t\t\t\t\t<\/a>\n\t<\/div>\n<\/header><div class=\"hp-listing__content\">\t<div class=\"hp-listing__categories hp-listing__category\">\n\t\t\t\t\t<a href=\"https:\/\/xn--okazjanieruchomoci-mod.pl\/en\/listing-category\/dzialki\/\">Plots<\/a>\n\t\t\t<\/div>\n\t<h4 class=\"hp-listing__title\"><a href=\"https:\/\/xn--okazjanieruchomoci-mod.pl\/en\/listing\/886\/\">Building plot Koco\u0144<\/a>\n\t<i class=\"hp-listing__verified-badge hp-listing__verified hp-icon fas fa-check-circle\" title=\"Verified\"><\/i>\n\t<\/h4><div class=\"hp-listing__details hp-listing__details--primary\">\t<div class=\"hp-listing__location\">\n\t\t<i class=\"hp-icon fas fa-map-marker-alt\"><\/i>\n\t\t\t\t\t<a href=\"https:\/\/www.google.com\/maps\/search\/?api=1&#038;query=49.724537,19.399584\" target=\"_blank\">Koco\u0144<\/a>\n\t\t\t<\/div>\n\t<time class=\"hp-listing__created-date hp-listing__date hp-meta\" datetime=\"2026-01-26 21:03:09\">\n\tAdded on January 26, 2026<\/time>\n<\/div><\/div><footer class=\"hp-listing__footer\"><div class=\"hp-block hp-listing__attributes hp-listing__attributes--primary\"><div class=\"hp-listing__attribute hp-listing__attribute--cena\"><i class=\"fa-regular fa-money-bill-1\"><\/i> 170,000.00 z\u0142<\/div><\/div><div class=\"hp-listing__actions hp-listing__actions--primary\"><\/div><\/footer><\/article><\/div><div class=\"hp-grid__item hp-col-sm-4 hp-col-xs-12\"><article class=\"hp-listing hp-listing--view-block hp-listing--verified\"><header class=\"hp-listing__header\"><div class=\"hp-listing__image\" data-component=\"carousel-slider\" data-preview=\"false\" data-aspect-ratio=\"\" data-url=\"https:\/\/xn--okazjanieruchomoci-mod.pl\/en\/listing\/dzialka-budowlana-kocon\/\">\n\t\t\t<a href=\"https:\/\/xn--okazjanieruchomoci-mod.pl\/en\/listing\/dzialka-budowlana-kocon\/\">\n\t\t\t\t\t\t\t<img decoding=\"async\" src=\"https:\/\/xn--okazjanieruchomoci-mod.pl\/wp-content\/uploads\/2026\/01\/k9-400x300.jpg\" alt=\"Dzia\u0142ka budowlana KOCO\u0143\" loading=\"lazy\">\n\t\t\t\t\t<\/a>\n\t<\/div>\n<\/header><div class=\"hp-listing__content\">\t<div class=\"hp-listing__categories hp-listing__category\">\n\t\t\t\t\t<a href=\"https:\/\/xn--okazjanieruchomoci-mod.pl\/en\/listing-category\/dzialki\/\">Plots<\/a>\n\t\t\t<\/div>\n\t<h4 class=\"hp-listing__title\"><a href=\"https:\/\/xn--okazjanieruchomoci-mod.pl\/en\/listing\/dzialka-budowlana-kocon\/\">Building plot KOCO\u0143<\/a>\n\t<i class=\"hp-listing__verified-badge hp-listing__verified hp-icon fas fa-check-circle\" title=\"Verified\"><\/i>\n\t<\/h4><div class=\"hp-listing__details hp-listing__details--primary\">\t<div class=\"hp-listing__location\">\n\t\t<i class=\"hp-icon fas fa-map-marker-alt\"><\/i>\n\t\t\t\t\t<a href=\"https:\/\/www.google.com\/maps\/search\/?api=1&#038;query=49.724537,19.399584\" target=\"_blank\">Koco\u0144<\/a>\n\t\t\t<\/div>\n\t<time class=\"hp-listing__created-date hp-listing__date hp-meta\" datetime=\"2026-01-26 20:57:47\">\n\tAdded on January 26, 2026<\/time>\n<\/div><\/div><footer class=\"hp-listing__footer\"><div class=\"hp-block hp-listing__attributes hp-listing__attributes--primary\"><div class=\"hp-listing__attribute hp-listing__attribute--cena\"><i class=\"fa-regular fa-money-bill-1\"><\/i> PLN 140,000.00<\/div><\/div><div class=\"hp-listing__actions hp-listing__actions--primary\"><\/div><\/footer><\/article><\/div><\/div><\/div>","protected":false},"excerpt":{"rendered":"<p>Find your place in the world.<\/p>","protected":false},"author":1,"featured_media":291,"parent":0,"menu_order":0,"comment_status":"closed","ping_status":"closed","template":"","meta":{"footnotes":""},"class_list":["post-8","page","type-page","status-publish","has-post-thumbnail","hentry"],"_hostinger_reach_plugin_has_subscription_block":false,"_hostinger_reach_plugin_is_elementor":false,"_links":{"self":[{"href":"https:\/\/xn--okazjanieruchomoci-mod.pl\/en\/wp-json\/wp\/v2\/pages\/8","targetHints":{"allow":["GET"]}}],"collection":[{"href":"https:\/\/xn--okazjanieruchomoci-mod.pl\/en\/wp-json\/wp\/v2\/pages"}],"about":[{"href":"https:\/\/xn--okazjanieruchomoci-mod.pl\/en\/wp-json\/wp\/v2\/types\/page"}],"author":[{"embeddable":true,"href":"https:\/\/xn--okazjanieruchomoci-mod.pl\/en\/wp-json\/wp\/v2\/users\/1"}],"replies":[{"embeddable":true,"href":"https:\/\/xn--okazjanieruchomoci-mod.pl\/en\/wp-json\/wp\/v2\/comments?post=8"}],"version-history":[{"count":5,"href":"https:\/\/xn--okazjanieruchomoci-mod.pl\/en\/wp-json\/wp\/v2\/pages\/8\/revisions"}],"predecessor-version":[{"id":333,"href":"https:\/\/xn--okazjanieruchomoci-mod.pl\/en\/wp-json\/wp\/v2\/pages\/8\/revisions\/333"}],"wp:featuredmedia":[{"embeddable":true,"href":"https:\/\/xn--okazjanieruchomoci-mod.pl\/en\/wp-json\/wp\/v2\/media\/291"}],"wp:attachment":[{"href":"https:\/\/xn--okazjanieruchomoci-mod.pl\/en\/wp-json\/wp\/v2\/media?parent=8"}],"curies":[{"name":"wp","href":"https:\/\/api.w.org\/{rel}","templated":true}]}}