{"id":3,"date":"2025-09-15T09:54:59","date_gmt":"2025-09-15T09:54:59","guid":{"rendered":"http:\/\/xn--okazjanieruchomoci-mod.pl\/?page_id=3"},"modified":"2025-12-30T13:53:13","modified_gmt":"2025-12-30T13:53:13","slug":"privacy-policy","status":"publish","type":"page","link":"https:\/\/xn--okazjanieruchomoci-mod.pl\/de\/privacy-policy\/","title":{"rendered":"Datenschutzbestimmungen"},"content":{"rendered":"<h2 class=\"wp-block-heading\"><\/h2>\n\n\n\n<h2 class=\"wp-block-heading\"><strong>1. allgemeine Informationen<\/strong><\/h2>\n\n\n\n<p>In dieser Datenschutzerkl\u00e4rung wird die Verarbeitung personenbezogener Daten von Dienstleistungsnutzern erl\u00e4utert <a href=\"http:\/\/xn--okazjanieruchomoci-mod.pl\/de\/\"><strong>okazjanieruchomo\u015bci.pl<\/strong><\/a> (im Folgenden: \u201eDienst\u201d).<br>Der f\u00fcr die Datenverarbeitung Verantwortliche ist der Eigent\u00fcmer der Website (im Folgenden: \u201eAdministrator\u201d).<\/p>\n\n\n\n<p>Kontakt zum Administrator:<br><strong>kontakt@okazjanieruchomo\u015bci.pl<\/strong><strong><br><\/strong><\/p>\n\n\n\n<p>Wenn Sie den Dienst nutzen, stellen Sie uns einige Ihrer Daten zur Verf\u00fcgung, die wir in \u00dcbereinstimmung mit der RODO sicher aufbewahren.<\/p>\n\n\n\n<hr class=\"wp-block-separator has-alpha-channel-opacity\"\/>\n\n\n\n<h2 class=\"wp-block-heading\"><strong>2 Welche Daten verarbeiten wir?<\/strong><\/h2>\n\n\n\n<p>Wir k\u00f6nnen die folgenden Nutzerdaten verarbeiten:<\/p>\n\n\n\n<h3 class=\"wp-block-heading\"><strong>Die Angaben sind freiwillig:<\/strong><\/h3>\n\n\n\n<ul class=\"wp-block-list\">\n<li>Name,<\/li>\n\n\n\n<li>E-Mail Adresse,<\/li>\n\n\n\n<li>Telefonnummer,<\/li>\n\n\n\n<li>den Inhalt der gesendeten Anfrage (Kontaktformular),<\/li>\n\n\n\n<li>andere vom Nutzer \u00fcbermittelte Informationen.<\/li>\n<\/ul>\n\n\n\n<h3 class=\"wp-block-heading\"><strong>Automatisch erfasste Daten (Cookies\/Statistiken):<\/strong><\/h3>\n\n\n\n<ul class=\"wp-block-list\">\n<li>IP-Adresse,<\/li>\n\n\n\n<li>Ger\u00e4te- und Browserdaten,<\/li>\n\n\n\n<li>Aktivit\u00e4ten auf der Website (Analytics \/ Pixel),<\/li>\n\n\n\n<li>Ungef\u00e4hrer Standort,<\/li>\n\n\n\n<li>Informationen \u00fcber Klicks, Seitenaufrufe und Verkehr.<\/li>\n<\/ul>\n\n\n\n<p>Diese Daten sind anonym und werden verwendet, um die Leistung der Website zu optimieren.<\/p>\n\n\n\n<hr class=\"wp-block-separator has-alpha-channel-opacity\"\/>\n\n\n\n<h2 class=\"wp-block-heading\"><strong>3 Zweck der Verarbeitung personenbezogener Daten<\/strong><\/h2>\n\n\n\n<p>Wir verarbeiten die Daten ausschlie\u00dflich zu folgenden Zwecken:<\/p>\n\n\n\n<ul class=\"wp-block-list\">\n<li><strong>auf die Anfrage zu antworten,<\/strong><\/li>\n\n\n\n<li><strong>die Erstellung eines Immobilienangebots,<\/strong><\/li>\n\n\n\n<li><strong>Kontaktaufnahme per Telefon oder E-Mail,<\/strong><\/li>\n\n\n\n<li><strong>die Bereitstellung von Vermittlungs-\/Mietverwaltungsdiensten (falls zutreffend),<\/strong><\/li>\n\n\n\n<li><strong>Statistiken und Analysen des Website-Verkehrs,<\/strong><\/li>\n\n\n\n<li><strong>Marketing f\u00fcr eigene Dienste (z.B. Newsletter - nur mit Einwilligung),<\/strong><\/li>\n\n\n\n<li><strong>die Sicherheit der Website zu gew\u00e4hrleisten.<\/strong><\/li>\n<\/ul>\n\n\n\n<hr class=\"wp-block-separator has-alpha-channel-opacity\"\/>\n\n\n\n<h2 class=\"wp-block-heading\"><strong>4 Rechtsgrundlage f\u00fcr die Datenverarbeitung<\/strong><\/h2>\n\n\n\n<p>Wir verarbeiten Ihre Daten in \u00dcbereinstimmung mit Artikel 6 RODO auf der Grundlage von:<\/p>\n\n\n\n<ul class=\"wp-block-list\">\n<li><strong>Nutzerzustimmungen<\/strong> - Artikel 6(1)(a) RODO,<\/li>\n\n\n\n<li><strong>die Notwendigkeit der Vertragserf\u00fcllung<\/strong> oder Ma\u00dfnahmen vor ihrem Abschluss - Buchstabe b,<\/li>\n\n\n\n<li><strong>das berechtigte Interesse des Verwalters<\/strong> (z. B. Analyse von Statistiken) - Buchstabe f.<\/li>\n<\/ul>\n\n\n\n<hr class=\"wp-block-separator has-alpha-channel-opacity\"\/>\n\n\n\n<h2 class=\"wp-block-heading\"><strong>5 Mit wem teilen wir Daten?<\/strong><\/h2>\n\n\n\n<p>Ihre Daten k\u00f6nnen \u00fcbermittelt werden:<\/p>\n\n\n\n<ul class=\"wp-block-list\">\n<li>Unternehmen, die Hosting-Dienste anbieten,<\/li>\n\n\n\n<li>das Unternehmen, das die Website betreibt,<\/li>\n\n\n\n<li>Anbieter von Analysetools (Google, Meta - im Rahmen von Cookies),<\/li>\n\n\n\n<li>Partner, die bei der Pr\u00e4sentation und dem Verkauf der Immobilie zusammenarbeiten,<\/li>\n\n\n\n<li>eine Anwaltskanzlei (falls erforderlich).<\/li>\n<\/ul>\n\n\n\n<p>Daten <strong>wir verkaufen nicht<\/strong> an Dritte weitergegeben werden.<\/p>\n\n\n\n<hr class=\"wp-block-separator has-alpha-channel-opacity\"\/>\n\n\n\n<h2 class=\"wp-block-heading\"><strong>6 \u00dcbermittlung von Daten au\u00dferhalb der EU<\/strong><\/h2>\n\n\n\n<p>Wenn wir Google Analytics, Meta Pixel oder Cloud-Tools verwenden, k\u00f6nnen die Daten auch au\u00dferhalb des EWR (z. B. in den USA) verarbeitet werden.<br>Dies geschieht auf der Grundlage geeigneter Schutzklauseln (z. B. SCC-Standardvertragsklauseln).<\/p>\n\n\n\n<hr class=\"wp-block-separator has-alpha-channel-opacity\"\/>\n\n\n\n<h2 class=\"wp-block-heading\"><strong>7 Datenspeicherzeit<\/strong><\/h2>\n\n\n\n<ul class=\"wp-block-list\">\n<li>Angaben zum Kontaktformular: <strong>12 Monate<\/strong> seit dem letzten Kontakt.<\/li>\n\n\n\n<li>F\u00fcr die Erbringung von Dienstleistungen erforderliche Daten: <strong>bis zur Beendigung der Zusammenarbeit + gesetzlich vorgeschriebener Zeitraum<\/strong>.<\/li>\n\n\n\n<li>Cookies: je nach Browsereinstellungen oder bis zum L\u00f6schen.<\/li>\n<\/ul>\n\n\n\n<hr class=\"wp-block-separator has-alpha-channel-opacity\"\/>\n\n\n\n<h2 class=\"wp-block-heading\"><strong>8. ihre Rechte<\/strong><\/h2>\n\n\n\n<p>Sie haben das Recht dazu:<\/p>\n\n\n\n<ul class=\"wp-block-list\">\n<li>Zugang zu ihren Daten,<\/li>\n\n\n\n<li>ihre Berichtigung,<\/li>\n\n\n\n<li>L\u00f6schung (\u201eRecht auf Vergessenwerden\u201d),<\/li>\n\n\n\n<li>Einschr\u00e4nkung der Verarbeitung,<\/li>\n\n\n\n<li>Daten\u00fcbertragbarkeit,<\/li>\n\n\n\n<li>der Verarbeitung zu widersprechen,<\/li>\n\n\n\n<li>die Zustimmung jederzeit widerrufen.<\/li>\n<\/ul>\n\n\n\n<p>Senden Sie einfach eine Nachricht an unsere E-Mail-Adresse.<\/p>\n\n\n\n<hr class=\"wp-block-separator has-alpha-channel-opacity\"\/>\n\n\n\n<h2 class=\"wp-block-heading\"><strong>9 Kekse<\/strong><\/h2>\n\n\n\n<p>Die Website verwendet Cookies f\u00fcr die folgenden Zwecke:<\/p>\n\n\n\n<ul class=\"wp-block-list\">\n<li>Statistisch,<\/li>\n\n\n\n<li>Marketing,<\/li>\n\n\n\n<li>technisch (ordnungsgem\u00e4\u00dfes Funktionieren der Website).<\/li>\n<\/ul>\n\n\n\n<p>Sie k\u00f6nnen Ihre Browsereinstellungen \u00e4ndern und Cookies jederzeit deaktivieren.<\/p>\n\n\n\n<hr class=\"wp-block-separator has-alpha-channel-opacity\"\/>\n\n\n\n<h2 class=\"wp-block-heading\"><strong>10. \u00e4nderungen der Datenschutzrichtlinie<\/strong><\/h2>\n\n\n\n<p>Der Verwalter beh\u00e4lt sich das Recht vor, die Richtlinie zu aktualisieren.<br>Die aktuelle Version wird immer auf der Website verf\u00fcgbar sein.<\/p>\n\n\n\n<hr class=\"wp-block-separator has-alpha-channel-opacity\"\/>\n\n\n\n<h1 class=\"wp-block-heading\"><strong>11 Ansprechpartner f\u00fcr den Datenschutz<\/strong><\/h1>\n\n\n\n<p><strong>kontakt@okazjanieruchomo\u015bci.pl<\/strong><\/p>","protected":false},"excerpt":{"rendered":"<p>1. Informacje og\u00f3lne Niniejsza Polityka Prywatno\u015bci wyja\u015bnia zasady przetwarzania danych osobowych u\u017cytkownik\u00f3w serwisu okazjanieruchomo\u015bci.pl (dalej: \u201eSerwis\u201d).Administratorem danych jest w\u0142a\u015bciciel Serwisu (dalej: \u201eAdministrator\u201d). Kontakt do Administratora:kontakt@okazjanieruchomo\u015bci.pl Korzystaj\u0105c z Serwisu, przekazujesz nam niekt\u00f3re swoje dane \u2013 a my dbamy o ich bezpiecze\u0144stwo, zgodnie z RODO. 2. Jakie dane przetwarzamy? Mo\u017cemy przetwarza\u0107 nast\u0119puj\u0105ce dane u\u017cytkownik\u00f3w: Dane podawane dobrowolnie: [&hellip;]<\/p>","protected":false},"author":1,"featured_media":0,"parent":0,"menu_order":0,"comment_status":"closed","ping_status":"open","template":"","meta":{"footnotes":""},"class_list":["post-3","page","type-page","status-publish","hentry"],"_hostinger_reach_plugin_has_subscription_block":false,"_hostinger_reach_plugin_is_elementor":false,"_links":{"self":[{"href":"https:\/\/xn--okazjanieruchomoci-mod.pl\/de\/wp-json\/wp\/v2\/pages\/3","targetHints":{"allow":["GET"]}}],"collection":[{"href":"https:\/\/xn--okazjanieruchomoci-mod.pl\/de\/wp-json\/wp\/v2\/pages"}],"about":[{"href":"https:\/\/xn--okazjanieruchomoci-mod.pl\/de\/wp-json\/wp\/v2\/types\/page"}],"author":[{"embeddable":true,"href":"https:\/\/xn--okazjanieruchomoci-mod.pl\/de\/wp-json\/wp\/v2\/users\/1"}],"replies":[{"embeddable":true,"href":"https:\/\/xn--okazjanieruchomoci-mod.pl\/de\/wp-json\/wp\/v2\/comments?post=3"}],"version-history":[{"count":2,"href":"https:\/\/xn--okazjanieruchomoci-mod.pl\/de\/wp-json\/wp\/v2\/pages\/3\/revisions"}],"predecessor-version":[{"id":337,"href":"https:\/\/xn--okazjanieruchomoci-mod.pl\/de\/wp-json\/wp\/v2\/pages\/3\/revisions\/337"}],"wp:attachment":[{"href":"https:\/\/xn--okazjanieruchomoci-mod.pl\/de\/wp-json\/wp\/v2\/media?parent=3"}],"curies":[{"name":"wp","href":"https:\/\/api.w.org\/{rel}","templated":true}]}}